{"id":3,"date":"2025-02-12T10:50:18","date_gmt":"2025-02-12T10:50:18","guid":{"rendered":"http:\/\/rugbyticketing.wwwnl1-tr2.supercp.com\/?page_id=3"},"modified":"2025-07-28T08:32:16","modified_gmt":"2025-07-28T06:32:16","slug":"politique-en-matiere-de-cookies","status":"publish","type":"page","link":"https:\/\/rugbyticketing.com\/fr\/cookie-policy\/","title":{"rendered":"Politique en mati\u00e8re de cookies"},"content":{"rendered":"<div data-elementor-type=\"wp-page\" data-elementor-id=\"3\" class=\"elementor elementor-3\" data-elementor-post-type=\"page\">\n\t\t\t\t<div class=\"elementor-element elementor-element-104a7277 e-flex e-con-boxed e-con e-parent\" data-id=\"104a7277\" data-element_type=\"container\" data-e-type=\"container\">\n\t\t\t\t\t<div class=\"e-con-inner\">\n\t\t<div class=\"elementor-element elementor-element-8eef9f8 e-con-full e-flex e-con e-child\" data-id=\"8eef9f8\" data-element_type=\"container\" data-e-type=\"container\">\n\t\t\t\t<div class=\"elementor-element elementor-element-bded93f elementor-invisible elementor-widget elementor-widget-heading\" data-id=\"bded93f\" data-element_type=\"widget\" data-e-type=\"widget\" data-settings=\"{&quot;_animation&quot;:&quot;fadeIn&quot;}\" data-widget_type=\"heading.default\">\n\t\t\t\t<div class=\"elementor-widget-container\">\n\t\t\t\t\t<h2 class=\"elementor-heading-title elementor-size-default\">Politique en mati\u00e8re de cookies<\/h2>\t\t\t\t<\/div>\n\t\t\t\t<\/div>\n\t\t\t\t<\/div>\n\t\t\t\t<div class=\"elementor-element elementor-element-ae9b44e elementor-widget-divider--view-line elementor-widget elementor-widget-divider\" data-id=\"ae9b44e\" data-element_type=\"widget\" data-e-type=\"widget\" data-widget_type=\"divider.default\">\n\t\t\t\t<div class=\"elementor-widget-container\">\n\t\t\t\t\t\t\t<div class=\"elementor-divider\">\n\t\t\t<span class=\"elementor-divider-separator\">\n\t\t\t\t\t\t<\/span>\n\t\t<\/div>\n\t\t\t\t\t\t<\/div>\n\t\t\t\t<\/div>\n\t\t\t\t<div class=\"elementor-element elementor-element-2d3640d7 elementor-widget elementor-widget-text-editor\" data-id=\"2d3640d7\" data-element_type=\"widget\" data-e-type=\"widget\" data-widget_type=\"text-editor.default\">\n\t\t\t\t<div class=\"elementor-widget-container\">\n\t\t\t\t\t\t\t\t\t\n<h4 class=\"wp-block-heading\"><b>1. Introduction<\/b><\/h4>\n<p><span style=\"font-weight: 400;\">Le pr\u00e9sent <\/span><b>Politique en mati\u00e8re de cookies<\/b><span style=\"font-weight: 400;\"> explique comment <\/span><b>Billetterie pour le rugby<\/b><span style=\"font-weight: 400;\"> utilise des cookies et des technologies similaires pour vous reconna\u00eetre lorsque vous visitez notre site web \u00e0 l'adresse suivante<\/span><a href=\"https:\/\/rugbyticketing.com\/fr\/\"> <b>www.rugbyticketing.com<\/b><\/a><span style=\"font-weight: 400;\">. Il explique ce que sont ces technologies, pourquoi nous les utilisons et quels sont vos droits pour contr\u00f4ler leur utilisation.<br \/><br \/><\/span><\/p>\n<h4><b>2. Que sont les cookies ?<\/b><\/h4>\n<p><span style=\"font-weight: 400;\">Les cookies sont de petits fichiers texte qui sont stock\u00e9s sur votre appareil (comme votre ordinateur ou votre t\u00e9l\u00e9phone portable) lorsque vous visitez un site web. Ils sont largement utilis\u00e9s pour rendre les sites web plus efficaces et offrir une meilleure exp\u00e9rience \u00e0 l'utilisateur. Les cookies peuvent \u00e9galement \u00eatre utilis\u00e9s pour fournir des informations au propri\u00e9taire du site ou \u00e0 des tiers.<br \/><br \/><\/span><\/p>\n<h4><b>3. Types de cookies que nous utilisons<\/b><\/h4>\n<p><span style=\"font-weight: 400;\">Nous utilisons les types de cookies suivants sur notre site :<\/span><\/p>\n<ul>\n<li style=\"font-weight: 400;\" aria-level=\"1\"><b>Biscuits essentiels<\/b><span style=\"font-weight: 400;\">: Ces cookies sont n\u00e9cessaires au bon fonctionnement du site web. Ils sont utilis\u00e9s pour se souvenir de votre statut de connexion, du contenu de votre panier d'achat ou de vos pr\u00e9f\u00e9rences lors de votre visite.<\/span><\/li>\n<li style=\"font-weight: 400;\" aria-level=\"1\"><b>Cookies de performance<\/b><span style=\"font-weight: 400;\">: Ces cookies collectent des informations sur la mani\u00e8re dont les visiteurs utilisent le site web, comme les pages les plus visit\u00e9es. Ils nous aident \u00e0 am\u00e9liorer les performances de notre site et \u00e0 offrir une meilleure exp\u00e9rience aux utilisateurs. Par exemple, nous utilisons Google Analytics pour analyser le trafic du site et le comportement des utilisateurs.<\/span><\/li>\n<li style=\"font-weight: 400;\" aria-level=\"1\"><b>Cookies fonctionnels<\/b><span style=\"font-weight: 400;\">: Ces cookies permettent au site web de se souvenir des choix que vous faites et de fournir des fonctionnalit\u00e9s am\u00e9lior\u00e9es. Par exemple, ils peuvent se souvenir de vos pr\u00e9f\u00e9rences linguistiques ou de votre localisation.<\/span><\/li>\n<li style=\"font-weight: 400;\" aria-level=\"1\"><b>Cookies de ciblage ou de publicit\u00e9<\/b><span style=\"font-weight: 400;\">: Ces cookies sont utilis\u00e9s pour vous proposer des publicit\u00e9s pertinentes en fonction de vos centres d'int\u00e9r\u00eat. Ils sont g\u00e9n\u00e9ralement plac\u00e9s par des r\u00e9seaux publicitaires tiers. Ils peuvent \u00e9galement \u00eatre utilis\u00e9s pour limiter le nombre de fois que vous voyez une publicit\u00e9 et aider \u00e0 mesurer l'efficacit\u00e9 des campagnes publicitaires.<br \/><br \/><\/span><\/li>\n<\/ul>\n<h4><b>4. Pourquoi nous utilisons des cookies<\/b><\/h4>\n<p><span style=\"font-weight: 400;\">Nous utilisons des cookies pour plusieurs raisons, notamment<\/span><\/p>\n<ul>\n<li style=\"font-weight: 400;\" aria-level=\"1\"><span style=\"font-weight: 400;\">Pour personnaliser le contenu et les publicit\u00e9s et fournir des fonctions de m\u00e9dias sociaux.<\/span><\/li>\n<li style=\"font-weight: 400;\" aria-level=\"1\"><span style=\"font-weight: 400;\">Pour analyser notre trafic et am\u00e9liorer notre site web.<\/span><\/li>\n<li style=\"font-weight: 400;\" aria-level=\"1\"><span style=\"font-weight: 400;\">Comprendre comment les utilisateurs interagissent avec notre site afin d'am\u00e9liorer leur exp\u00e9rience.<\/span><\/li>\n<li style=\"font-weight: 400;\" aria-level=\"1\"><span style=\"font-weight: 400;\">Pour permettre des publicit\u00e9s plus pertinentes pour vous.<br \/><br \/><\/span><\/li>\n<\/ul>\n<h4><b>5. Comment contr\u00f4ler les cookies<\/b><\/h4>\n<p><span style=\"font-weight: 400;\">Vous avez le droit d'accepter ou de refuser l'utilisation de cookies. Vous pouvez contr\u00f4ler et g\u00e9rer les cookies de la mani\u00e8re suivante :<\/span><\/p>\n<ul>\n<li style=\"font-weight: 400;\" aria-level=\"1\"><b>Param\u00e8tres du navigateur<\/b><span style=\"font-weight: 400;\">: La plupart des navigateurs web vous permettent de contr\u00f4ler les cookies par le biais de leurs param\u00e8tres. Vous pouvez configurer votre navigateur pour qu'il bloque les cookies ou qu'il vous avertisse lorsque des cookies sont envoy\u00e9s. Pour plus d'informations sur la gestion des cookies dans votre navigateur, veuillez consulter la section d'aide de votre navigateur.<\/span><\/li>\n<li style=\"font-weight: 400;\" aria-level=\"1\"><b>Banni\u00e8re de consentement aux cookies<\/b><span style=\"font-weight: 400;\">: Lors de votre premi\u00e8re visite sur notre site, vous verrez appara\u00eetre une banni\u00e8re de consentement aux cookies qui vous permet d'accepter ou de refuser les cookies non essentiels. Vous pouvez modifier vos pr\u00e9f\u00e9rences \u00e0 tout moment par le biais des param\u00e8tres relatifs aux cookies sur notre site web.<\/span><\/li>\n<li style=\"font-weight: 400;\" aria-level=\"1\"><b>Cookies de tiers<\/b><span style=\"font-weight: 400;\">: Certains cookies sont install\u00e9s par des services tiers sur notre site web, tels que Google Analytics ou les boutons de m\u00e9dias sociaux. Vous pouvez g\u00e9rer ces cookies en visitant les sites web de ces tiers, tels que le site web de Google<\/span><a href=\"https:\/\/adssettings.google.com\/\" target=\"_blank\" rel=\"noopener\"> <span style=\"font-weight: 400;\">Param\u00e8tres des annonces<\/span><\/a><span style=\"font-weight: 400;\"> ou de Facebook<\/span><a href=\"https:\/\/www.facebook.com\/ads\/preferences\" target=\"_blank\" rel=\"noopener\"> <span style=\"font-weight: 400;\">Pr\u00e9f\u00e9rences publicitaires<\/span><\/a><span style=\"font-weight: 400;\">.<br \/><br \/><\/span><\/li>\n<\/ul>\n<h4><b>6. Consentement<\/b><\/h4>\n<p><span style=\"font-weight: 400;\">En utilisant notre site web, vous consentez \u00e0 l'utilisation de cookies conform\u00e9ment \u00e0 la pr\u00e9sente politique en mati\u00e8re de cookies. Si vous n'acceptez pas notre utilisation des cookies, vous pouvez les d\u00e9sactiver en utilisant les param\u00e8tres de votre navigateur ou en utilisant l'outil de consentement aux cookies fourni sur notre site web.<br \/><br \/><\/span><\/p>\n<h4><b>7. Modifications de la pr\u00e9sente politique en mati\u00e8re de cookies<\/b><\/h4>\n<p><span style=\"font-weight: 400;\">Nous pouvons mettre \u00e0 jour la pr\u00e9sente politique en mati\u00e8re de cookies de temps \u00e0 autre. Nous vous informerons de toute modification en publiant la politique mise \u00e0 jour sur cette page avec une nouvelle date d'entr\u00e9e en vigueur. Nous vous encourageons \u00e0 consulter r\u00e9guli\u00e8rement cette page pour rester inform\u00e9 de la mani\u00e8re dont nous utilisons les cookies.<br \/><br \/><\/span><\/p>\n<h4><b>8. Nous contacter<\/b><\/h4>\n<p><span style=\"font-weight: 400;\">Si vous avez des questions concernant cette politique en mati\u00e8re de cookies, veuillez nous contacter \u00e0 l'adresse suivante<\/span><\/p>\n<ul>\n<li style=\"font-weight: 400;\" aria-level=\"1\"><b>Courriel<\/b><span style=\"font-weight: 400;\">: <\/span><a href=\"mailto:info@rugbyticketing.wwwnl1-tr2.supercp.com\"><span style=\"font-weight: 400;\">info@rugbyticketing.wwwnl1-tr2.supercp.com<\/span><\/a><\/li>\n<li style=\"font-weight: 400;\" aria-level=\"1\"><b>Formulaire de contact<\/b><span style=\"font-weight: 400;\">: Disponible sur notre site web dans la section Contactez-nous.<br \/><br \/><\/span><\/li>\n<\/ul>\n<h4><b>Notes importantes pour la conformit\u00e9 :<\/b><\/h4>\n<ol>\n<li style=\"font-weight: 400;\" aria-level=\"1\"><b>Consentement \u00e0 l'utilisation de cookies<\/b><span style=\"font-weight: 400;\">: Conform\u00e9ment au GDPR et \u00e0 la directive ePrivacy, les cookies (\u00e0 l'exception des cookies essentiels) ne doivent \u00eatre plac\u00e9s sur l'appareil d'un utilisateur qu'apr\u00e8s avoir obtenu son consentement. Cela se fait g\u00e9n\u00e9ralement par le biais d'une fen\u00eatre contextuelle lorsqu'un utilisateur visite le site web pour la premi\u00e8re fois.<\/span><\/li>\n<li style=\"font-weight: 400;\" aria-level=\"1\"><b>Pr\u00e9f\u00e9rences en mati\u00e8re de cookies<\/b><span style=\"font-weight: 400;\">: Les utilisateurs doivent pouvoir modifier leurs pr\u00e9f\u00e9rences en mati\u00e8re de cookies \u00e0 tout moment. Cela peut prendre la forme d'un lien dans le pied de page du site web ou \u00eatre accessible par le biais de la banni\u00e8re de consentement aux cookies.<\/span><\/li>\n<li style=\"font-weight: 400;\" aria-level=\"1\"><b>Transparence<\/b>: Vous devez \u00eatre transparent quant aux cookies que vous utilisez et aux raisons pour lesquelles vous les utilisez. Cette politique doit clairement \u00e9num\u00e9rer les types de cookies et les donn\u00e9es collect\u00e9es, le cas \u00e9ch\u00e9ant.<br \/><br \/><br \/><br \/><br \/><\/li>\n<\/ol>\t\t\t\t\t\t\t\t<\/div>\n\t\t\t\t<\/div>\n\t\t\t\t\t<\/div>\n\t\t\t\t<\/div>\n\t\t\t\t<\/div>","protected":false},"excerpt":{"rendered":"<p>Cookie Policy 1. Introduction This Cookie Policy explains how Rugby Ticketing uses cookies and similar technologies to recognize you when you visit our website at www.rugbyticketing.com. It explains what these technologies are, why we use them, and your rights to control their use. 2. What Are Cookies? Cookies are small text files that are stored [&hellip;]<\/p>\n","protected":false},"author":1,"featured_media":0,"parent":0,"menu_order":0,"comment_status":"closed","ping_status":"closed","template":"","meta":{"footnotes":""},"class_list":["post-3","page","type-page","status-publish","hentry"],"_links":{"self":[{"href":"https:\/\/rugbyticketing.com\/fr\/wp-json\/wp\/v2\/pages\/3","targetHints":{"allow":["GET"]}}],"collection":[{"href":"https:\/\/rugbyticketing.com\/fr\/wp-json\/wp\/v2\/pages"}],"about":[{"href":"https:\/\/rugbyticketing.com\/fr\/wp-json\/wp\/v2\/types\/page"}],"author":[{"embeddable":true,"href":"https:\/\/rugbyticketing.com\/fr\/wp-json\/wp\/v2\/users\/1"}],"replies":[{"embeddable":true,"href":"https:\/\/rugbyticketing.com\/fr\/wp-json\/wp\/v2\/comments?post=3"}],"version-history":[{"count":0,"href":"https:\/\/rugbyticketing.com\/fr\/wp-json\/wp\/v2\/pages\/3\/revisions"}],"wp:attachment":[{"href":"https:\/\/rugbyticketing.com\/fr\/wp-json\/wp\/v2\/media?parent=3"}],"curies":[{"name":"wp","href":"https:\/\/api.w.org\/{rel}","templated":true}]}}