{"id":3,"date":"2025-02-12T10:50:18","date_gmt":"2025-02-12T10:50:18","guid":{"rendered":"http:\/\/rugbyticketing.wwwnl1-tr2.supercp.com\/?page_id=3"},"modified":"2025-07-28T08:32:16","modified_gmt":"2025-07-28T06:32:16","slug":"politica-de-cookies","status":"publish","type":"page","link":"https:\/\/rugbyticketing.com\/pt\/cookie-policy\/","title":{"rendered":"Pol\u00edtica de cookies"},"content":{"rendered":"<div data-elementor-type=\"wp-page\" data-elementor-id=\"3\" class=\"elementor elementor-3\" data-elementor-post-type=\"page\">\n\t\t\t\t<div class=\"elementor-element elementor-element-104a7277 e-flex e-con-boxed e-con e-parent\" data-id=\"104a7277\" data-element_type=\"container\" data-e-type=\"container\">\n\t\t\t\t\t<div class=\"e-con-inner\">\n\t\t<div class=\"elementor-element elementor-element-8eef9f8 e-con-full e-flex e-con e-child\" data-id=\"8eef9f8\" data-element_type=\"container\" data-e-type=\"container\">\n\t\t\t\t<div class=\"elementor-element elementor-element-bded93f elementor-invisible elementor-widget elementor-widget-heading\" data-id=\"bded93f\" data-element_type=\"widget\" data-e-type=\"widget\" data-settings=\"{&quot;_animation&quot;:&quot;fadeIn&quot;}\" data-widget_type=\"heading.default\">\n\t\t\t\t<div class=\"elementor-widget-container\">\n\t\t\t\t\t<h2 class=\"elementor-heading-title elementor-size-default\">Pol\u00edtica de cookies<\/h2>\t\t\t\t<\/div>\n\t\t\t\t<\/div>\n\t\t\t\t<\/div>\n\t\t\t\t<div class=\"elementor-element elementor-element-ae9b44e elementor-widget-divider--view-line elementor-widget elementor-widget-divider\" data-id=\"ae9b44e\" data-element_type=\"widget\" data-e-type=\"widget\" data-widget_type=\"divider.default\">\n\t\t\t\t<div class=\"elementor-widget-container\">\n\t\t\t\t\t\t\t<div class=\"elementor-divider\">\n\t\t\t<span class=\"elementor-divider-separator\">\n\t\t\t\t\t\t<\/span>\n\t\t<\/div>\n\t\t\t\t\t\t<\/div>\n\t\t\t\t<\/div>\n\t\t\t\t<div class=\"elementor-element elementor-element-2d3640d7 elementor-widget elementor-widget-text-editor\" data-id=\"2d3640d7\" data-element_type=\"widget\" data-e-type=\"widget\" data-widget_type=\"text-editor.default\">\n\t\t\t\t<div class=\"elementor-widget-container\">\n\t\t\t\t\t\t\t\t\t\n<h4 class=\"wp-block-heading\"><b>1. Introdu\u00e7\u00e3o<\/b><\/h4>\n<p><span style=\"font-weight: 400;\">Este <\/span><b>Pol\u00edtica de cookies<\/b><span style=\"font-weight: 400;\"> explica como <\/span><b>Rugby Ticketing<\/b><span style=\"font-weight: 400;\"> utiliza cookies e tecnologias semelhantes para reconhecer o utilizador quando este visita o nosso s\u00edtio Web em<\/span><a href=\"https:\/\/rugbyticketing.com\/pt\/\"> <b>www.rugbyticketing.com<\/b><\/a><span style=\"font-weight: 400;\">. Explica o que s\u00e3o estas tecnologias, porque as utilizamos e os seus direitos para controlar a sua utiliza\u00e7\u00e3o.<br \/><br \/><\/span><\/p>\n<h4><b>2. O que s\u00e3o cookies?<\/b><\/h4>\n<p><span style=\"font-weight: 400;\">Os cookies s\u00e3o pequenos ficheiros de texto que s\u00e3o armazenados no seu dispositivo (como o seu computador ou telem\u00f3vel) quando visita um s\u00edtio Web. S\u00e3o amplamente utilizados para fazer com que os s\u00edtios Web funcionem de forma mais eficiente e para proporcionar uma melhor experi\u00eancia ao utilizador. Os cookies podem tamb\u00e9m ser utilizados para fornecer informa\u00e7\u00f5es ao propriet\u00e1rio do s\u00edtio ou a terceiros.<br \/><br \/><\/span><\/p>\n<h4><b>3. Tipos de cookies que utilizamos<\/b><\/h4>\n<p><span style=\"font-weight: 400;\">Utilizamos os seguintes tipos de cookies no nosso S\u00edtio:<\/span><\/p>\n<ul>\n<li style=\"font-weight: 400;\" aria-level=\"1\"><b>Biscoitos essenciais<\/b><span style=\"font-weight: 400;\">: Estes cookies s\u00e3o necess\u00e1rios para que o s\u00edtio Web funcione corretamente. S\u00e3o utilizados para recordar o seu estado de acesso, o conte\u00fado do carrinho de compras ou as suas prefer\u00eancias durante a sua visita.<\/span><\/li>\n<li style=\"font-weight: 400;\" aria-level=\"1\"><b>Cookies de desempenho<\/b><span style=\"font-weight: 400;\">: Estes cookies recolhem informa\u00e7\u00f5es sobre a forma como os visitantes utilizam o s\u00edtio Web, por exemplo, quais as p\u00e1ginas mais visitadas. Ajudam-nos a melhorar o desempenho do nosso s\u00edtio e a proporcionar uma melhor experi\u00eancia ao utilizador. Por exemplo, utilizamos o Google Analytics para analisar o tr\u00e1fego do s\u00edtio Web e o comportamento dos utilizadores.<\/span><\/li>\n<li style=\"font-weight: 400;\" aria-level=\"1\"><b>Cookies funcionais<\/b><span style=\"font-weight: 400;\">: Estes cookies permitem que o s\u00edtio Web se lembre das escolhas que o utilizador faz e fornece funcionalidades melhoradas. Por exemplo, podem recordar as suas prefer\u00eancias lingu\u00edsticas ou a sua localiza\u00e7\u00e3o.<\/span><\/li>\n<li style=\"font-weight: 400;\" aria-level=\"1\"><b>Cookies de segmenta\u00e7\u00e3o ou publicidade<\/b><span style=\"font-weight: 400;\">: Estes cookies s\u00e3o utilizados para lhe apresentar an\u00fancios relevantes com base nos seus interesses. S\u00e3o normalmente colocados por redes de publicidade de terceiros. Podem tamb\u00e9m ser utilizados para limitar o n\u00famero de vezes que v\u00ea um an\u00fancio e ajudar a medir a efic\u00e1cia das campanhas publicit\u00e1rias.<br \/><br \/><\/span><\/li>\n<\/ul>\n<h4><b>4. Porque \u00e9 que utilizamos cookies<\/b><\/h4>\n<p><span style=\"font-weight: 400;\">Utilizamos cookies por v\u00e1rias raz\u00f5es, incluindo<\/span><\/p>\n<ul>\n<li style=\"font-weight: 400;\" aria-level=\"1\"><span style=\"font-weight: 400;\">Para personalizar conte\u00fados e an\u00fancios e fornecer funcionalidades de redes sociais.<\/span><\/li>\n<li style=\"font-weight: 400;\" aria-level=\"1\"><span style=\"font-weight: 400;\">Para analisar o nosso tr\u00e1fego e melhorar o nosso s\u00edtio Web.<\/span><\/li>\n<li style=\"font-weight: 400;\" aria-level=\"1\"><span style=\"font-weight: 400;\">Para compreender a forma como os utilizadores interagem com o nosso s\u00edtio, de modo a podermos melhorar a experi\u00eancia do utilizador.<\/span><\/li>\n<li style=\"font-weight: 400;\" aria-level=\"1\"><span style=\"font-weight: 400;\">Para permitir an\u00fancios que sejam mais relevantes para o utilizador.<br \/><br \/><\/span><\/li>\n<\/ul>\n<h4><b>5. Como controlar os cookies<\/b><\/h4>\n<p><span style=\"font-weight: 400;\">O utilizador tem o direito de aceitar ou rejeitar a utiliza\u00e7\u00e3o de cookies. Pode controlar e gerir os cookies das seguintes formas:<\/span><\/p>\n<ul>\n<li style=\"font-weight: 400;\" aria-level=\"1\"><b>Defini\u00e7\u00f5es do navegador<\/b><span style=\"font-weight: 400;\">: A maioria dos navegadores Web permite-lhe controlar os cookies atrav\u00e9s das suas defini\u00e7\u00f5es. Pode configurar o seu browser para bloquear os cookies ou para o alertar quando os cookies est\u00e3o a ser enviados. Para mais informa\u00e7\u00f5es sobre como gerir os cookies no seu navegador, consulte a sec\u00e7\u00e3o de ajuda do seu navegador.<\/span><\/li>\n<li style=\"font-weight: 400;\" aria-level=\"1\"><b>Banner de consentimento de cookies<\/b><span style=\"font-weight: 400;\">: Quando visitar o nosso s\u00edtio pela primeira vez, ser-lhe-\u00e1 apresentada uma faixa de consentimento de cookies que lhe permite aceitar ou rejeitar cookies n\u00e3o essenciais. Pode alterar as suas prefer\u00eancias a qualquer momento atrav\u00e9s das defini\u00e7\u00f5es de cookies no nosso s\u00edtio Web.<\/span><\/li>\n<li style=\"font-weight: 400;\" aria-level=\"1\"><b>Cookies de terceiros<\/b><span style=\"font-weight: 400;\">: Alguns cookies s\u00e3o definidos por servi\u00e7os de terceiros no nosso s\u00edtio Web, como o Google Analytics ou os bot\u00f5es das redes sociais. Pode gerir estes cookies visitando os respectivos s\u00edtios Web de terceiros, como o s\u00edtio Web do Google<\/span><a href=\"https:\/\/adssettings.google.com\/\" target=\"_blank\" rel=\"noopener\"> <span style=\"font-weight: 400;\">Defini\u00e7\u00f5es de an\u00fancios<\/span><\/a><span style=\"font-weight: 400;\"> ou do Facebook<\/span><a href=\"https:\/\/www.facebook.com\/ads\/preferences\" target=\"_blank\" rel=\"noopener\"> <span style=\"font-weight: 400;\">Prefer\u00eancias de an\u00fancios<\/span><\/a><span style=\"font-weight: 400;\">.<br \/><br \/><\/span><\/li>\n<\/ul>\n<h4><b>6. Consentimento<\/b><\/h4>\n<p><span style=\"font-weight: 400;\">Ao utilizar o nosso s\u00edtio Web, o utilizador concorda com a utiliza\u00e7\u00e3o de cookies de acordo com a presente Pol\u00edtica de Cookies. Se n\u00e3o aceitar a nossa utiliza\u00e7\u00e3o de cookies, pode desactiv\u00e1-los utilizando as defini\u00e7\u00f5es do seu browser ou atrav\u00e9s da ferramenta de consentimento de cookies fornecida no nosso s\u00edtio Web.<br \/><br \/><\/span><\/p>\n<h4><b>7. Altera\u00e7\u00f5es a esta pol\u00edtica de cookies<\/b><\/h4>\n<p><span style=\"font-weight: 400;\">Podemos atualizar esta Pol\u00edtica de Cookies periodicamente. Notific\u00e1-lo-emos de quaisquer altera\u00e7\u00f5es, publicando a pol\u00edtica actualizada nesta p\u00e1gina com uma nova data de entrada em vigor. Recomendamos que reveja esta p\u00e1gina periodicamente para se manter informado sobre a forma como utilizamos os cookies.<br \/><br \/><\/span><\/p>\n<h4><b>8. Contactar-nos<\/b><\/h4>\n<p><span style=\"font-weight: 400;\">Se tiver alguma d\u00favida sobre esta Pol\u00edtica de Cookies, contacte-nos atrav\u00e9s de<\/span><\/p>\n<ul>\n<li style=\"font-weight: 400;\" aria-level=\"1\"><b>Correio eletr\u00f3nico<\/b><span style=\"font-weight: 400;\">: <\/span><a href=\"mailto:info@rugbyticketing.wwwnl1-tr2.supercp.com\"><span style=\"font-weight: 400;\">info@rugbyticketing.wwwnl1-tr2.supercp.com<\/span><\/a><\/li>\n<li style=\"font-weight: 400;\" aria-level=\"1\"><b>Formul\u00e1rio de contacto<\/b><span style=\"font-weight: 400;\">: Dispon\u00edvel no nosso s\u00edtio Web, na sec\u00e7\u00e3o \"Contacte-nos\".<br \/><br \/><\/span><\/li>\n<\/ul>\n<h4><b>Notas importantes para a conformidade:<\/b><\/h4>\n<ol>\n<li style=\"font-weight: 400;\" aria-level=\"1\"><b>Consentimento de cookies<\/b><span style=\"font-weight: 400;\">: De acordo com o RGPD e a Diretiva Privacidade e Comunica\u00e7\u00f5es Electr\u00f3nicas, os cookies (exceto os essenciais) s\u00f3 podem ser colocados no dispositivo de um utilizador ap\u00f3s a obten\u00e7\u00e3o do seu consentimento. Normalmente, isto \u00e9 feito atrav\u00e9s de um aviso pop-up quando um utilizador visita o s\u00edtio Web pela primeira vez.<\/span><\/li>\n<li style=\"font-weight: 400;\" aria-level=\"1\"><b>Prefer\u00eancias de cookies<\/b><span style=\"font-weight: 400;\">: Os utilizadores devem poder modificar as suas prefer\u00eancias em mat\u00e9ria de cookies a qualquer momento. Isto pode ser feito atrav\u00e9s de uma liga\u00e7\u00e3o no rodap\u00e9 do s\u00edtio Web ou acess\u00edvel atrav\u00e9s da faixa de consentimento de cookies.<\/span><\/li>\n<li style=\"font-weight: 400;\" aria-level=\"1\"><b>Transpar\u00eancia<\/b>: O utilizador deve ser transparente quanto aos cookies que utiliza e porqu\u00ea. Esta pol\u00edtica deve enumerar claramente os tipos de cookies e os dados que s\u00e3o recolhidos, se for caso disso.<br \/><br \/><br \/><br \/><br \/><\/li>\n<\/ol>\t\t\t\t\t\t\t\t<\/div>\n\t\t\t\t<\/div>\n\t\t\t\t\t<\/div>\n\t\t\t\t<\/div>\n\t\t\t\t<\/div>","protected":false},"excerpt":{"rendered":"<p>Cookie Policy 1. Introduction This Cookie Policy explains how Rugby Ticketing uses cookies and similar technologies to recognize you when you visit our website at www.rugbyticketing.com. It explains what these technologies are, why we use them, and your rights to control their use. 2. What Are Cookies? Cookies are small text files that are stored [&hellip;]<\/p>\n","protected":false},"author":1,"featured_media":0,"parent":0,"menu_order":0,"comment_status":"closed","ping_status":"closed","template":"","meta":{"footnotes":""},"class_list":["post-3","page","type-page","status-publish","hentry"],"_links":{"self":[{"href":"https:\/\/rugbyticketing.com\/pt\/wp-json\/wp\/v2\/pages\/3","targetHints":{"allow":["GET"]}}],"collection":[{"href":"https:\/\/rugbyticketing.com\/pt\/wp-json\/wp\/v2\/pages"}],"about":[{"href":"https:\/\/rugbyticketing.com\/pt\/wp-json\/wp\/v2\/types\/page"}],"author":[{"embeddable":true,"href":"https:\/\/rugbyticketing.com\/pt\/wp-json\/wp\/v2\/users\/1"}],"replies":[{"embeddable":true,"href":"https:\/\/rugbyticketing.com\/pt\/wp-json\/wp\/v2\/comments?post=3"}],"version-history":[{"count":0,"href":"https:\/\/rugbyticketing.com\/pt\/wp-json\/wp\/v2\/pages\/3\/revisions"}],"wp:attachment":[{"href":"https:\/\/rugbyticketing.com\/pt\/wp-json\/wp\/v2\/media?parent=3"}],"curies":[{"name":"wp","href":"https:\/\/api.w.org\/{rel}","templated":true}]}}